{"id":1142,"date":"2017-02-08T07:01:55","date_gmt":"2017-02-08T07:01:55","guid":{"rendered":"http:\/\/consulting.stylemixthemes.com\/demo\/?page_id=1142"},"modified":"2026-03-11T11:42:06","modified_gmt":"2026-03-11T11:42:06","slug":"institucional","status":"publish","type":"page","link":"https:\/\/www.ferrandi.com.ar\/2021\/institucional\/","title":{"rendered":"Institucional"},"content":{"rendered":"\t\t<div data-elementor-type=\"wp-page\" data-elementor-id=\"1142\" class=\"elementor elementor-1142\">\n\t\t\t\t\t\t\t\t\t<section class=\"elementor-section elementor-top-section elementor-element elementor-element-3c63df9 elementor-section-boxed elementor-section-height-default elementor-section-height-default\" data-id=\"3c63df9\" data-element_type=\"section\" data-settings=\"{&quot;background_background&quot;:&quot;gradient&quot;}\">\n\t\t\t\t\t\t<div class=\"elementor-container elementor-column-gap-default\">\n\t\t\t\t\t<div class=\"elementor-column elementor-col-58 elementor-top-column elementor-element elementor-element-3c64308\" data-id=\"3c64308\" data-element_type=\"column\">\n\t\t\t<div class=\"elementor-widget-wrap elementor-element-populated\">\n\t\t\t\t\t\t\t\t<div class=\"elementor-element elementor-element-3c64672 elementor-widget elementor-widget-text-editor\" data-id=\"3c64672\" data-element_type=\"widget\" data-widget_type=\"text-editor.default\">\n\t\t\t\t<div class=\"elementor-widget-container\">\n\t\t\t\t\t\t\t<p>Con m\u00e1s de un siglo de historia,\u00a0<strong>Ferrandi Hnos.<\/strong>\u00a0atesora una s\u00f3lida y reconocida trayectoria de seriedad y transparencia. Mateniendo siempre sus principios fundacionales \u201cbrindar m\u00e1s y mejores prestaciones en un marco de calidez y dignidad\u201d. Estamos en plena etapa de transformaciones y desarrollo, produciendo importantes cambios acordes a los nuevos tiempos. Aunque el objetivo sigue siendo el mismo: estar m\u00e1s cerca de la gente.\u00a0<\/p>\n<p>Contamos con siete salas de Velaci\u00f3n y una Capilla, una recepci\u00f3n acogedora y oficinas con personal altamente capacitado, adecuandose a los requerimientos de las familias que confortamos y atendemos. <\/p>\n\t\t\t\t\t\t<\/div>\n\t\t\t\t<\/div>\n\t\t\t\t<div class=\"elementor-element elementor-element-3c64b0c elementor-widget elementor-widget-text-editor\" data-id=\"3c64b0c\" data-element_type=\"widget\" data-widget_type=\"text-editor.default\">\n\t\t\t\t<div class=\"elementor-widget-container\">\n\t\t\t\t\t\t\t<blockquote style=\"background-color: #ffffff;\">\n<p><strong>M\u00e1s de 120 a\u00f1os ofreciendo un servicio acorde a cada necesidad.<\/strong><\/p>\n<\/blockquote>\n\t\t\t\t\t\t<\/div>\n\t\t\t\t<\/div>\n\t\t\t\t\t<\/div>\n\t\t<\/div>\n\t\t\t\t<div class=\"elementor-column elementor-col-41 elementor-top-column elementor-element elementor-element-3c64d70\" data-id=\"3c64d70\" data-element_type=\"column\">\n\t\t\t<div class=\"elementor-widget-wrap elementor-element-populated\">\n\t\t\t\t\t\t\t\t<div class=\"elementor-element elementor-element-f03c803 elementor-widget elementor-widget-heading\" data-id=\"f03c803\" data-element_type=\"widget\" data-widget_type=\"heading.default\">\n\t\t\t\t<div class=\"elementor-widget-container\">\n\t\t\t<h4 class=\"elementor-heading-title elementor-size-default\">Conozcanos <\/h4>\t\t<\/div>\n\t\t\t\t<\/div>\n\t\t\t\t<div class=\"elementor-element elementor-element-3c650c6 elementor-aspect-ratio-169 elementor-widget elementor-widget-video\" data-id=\"3c650c6\" data-element_type=\"widget\" data-settings=\"{&quot;youtube_url&quot;:&quot;https:\\\/\\\/youtu.be\\\/1Uof0jVoPMs&quot;,&quot;image_overlay&quot;:{&quot;url&quot;:&quot;https:\\\/\\\/www.ferrandi.com.ar\\\/2021\\\/wp-content\\\/uploads\\\/2021\\\/07\\\/salas.jpg&quot;,&quot;id&quot;:7483,&quot;alt&quot;:&quot;&quot;,&quot;source&quot;:&quot;library&quot;},&quot;show_image_overlay&quot;:&quot;yes&quot;,&quot;lightbox&quot;:&quot;yes&quot;,&quot;yt_privacy&quot;:&quot;yes&quot;,&quot;play_on_mobile&quot;:&quot;yes&quot;,&quot;video_type&quot;:&quot;youtube&quot;,&quot;aspect_ratio&quot;:&quot;169&quot;}\" data-widget_type=\"video.default\">\n\t\t\t\t<div class=\"elementor-widget-container\">\n\t\t\t\t\t<div class=\"elementor-wrapper elementor-open-lightbox\">\n\t\t\t\t\t\t\t<div class=\"elementor-custom-embed-image-overlay\" data-elementor-open-lightbox=\"yes\" data-elementor-lightbox=\"{&quot;type&quot;:&quot;video&quot;,&quot;videoType&quot;:&quot;youtube&quot;,&quot;url&quot;:&quot;https:\\\/\\\/www.youtube-nocookie.com\\\/embed\\\/1Uof0jVoPMs?feature=oembed&amp;start&amp;end&amp;wmode=opaque&amp;loop=0&amp;controls=0&amp;mute=0&amp;rel=0&amp;modestbranding=0&quot;,&quot;modalOptions&quot;:{&quot;id&quot;:&quot;elementor-lightbox-3c650c6&quot;,&quot;entranceAnimation&quot;:&quot;&quot;,&quot;entranceAnimation_tablet&quot;:&quot;&quot;,&quot;entranceAnimation_mobile&quot;:&quot;&quot;,&quot;videoAspectRatio&quot;:&quot;169&quot;}}\" e-action-hash=\"#elementor-action%3Aaction%3Dlightbox%26settings%3DeyJ0eXBlIjoidmlkZW8iLCJ2aWRlb1R5cGUiOiJ5b3V0dWJlIiwidXJsIjoiaHR0cHM6XC9cL3d3dy55b3V0dWJlLW5vY29va2llLmNvbVwvZW1iZWRcLzFVb2YwalZvUE1zP2ZlYXR1cmU9b2VtYmVkJnN0YXJ0JmVuZCZ3bW9kZT1vcGFxdWUmbG9vcD0wJmNvbnRyb2xzPTAmbXV0ZT0wJnJlbD0wJm1vZGVzdGJyYW5kaW5nPTAiLCJtb2RhbE9wdGlvbnMiOnsiaWQiOiJlbGVtZW50b3ItbGlnaHRib3gtM2M2NTBjNiIsImVudHJhbmNlQW5pbWF0aW9uIjoiIiwiZW50cmFuY2VBbmltYXRpb25fdGFibGV0IjoiIiwiZW50cmFuY2VBbmltYXRpb25fbW9iaWxlIjoiIiwidmlkZW9Bc3BlY3RSYXRpbyI6IjE2OSJ9fQ%3D%3D\">\n\t\t\t\t\t\t\t\t\t\t\t<img decoding=\"async\" src=\"https:\/\/www.ferrandi.com.ar\/2021\/wp-content\/uploads\/elementor\/thumbs\/salas-pan2lb7pf46q1pqakymvbi7ajfelmpovcv2y6rn8xs.jpg\" title=\"salas\" alt=\"salas\" \/>\t\t\t\t\t\t\t\t\t\t\t\t\t\t\t\t<div class=\"elementor-custom-embed-play\" role=\"button\" aria-label=\"Reproducir v\u00eddeo\" tabindex=\"0\">\n\t\t\t\t\t\t\t<i aria-hidden=\"true\" class=\"eicon-play\"><\/i>\t\t\t\t\t\t\t<span class=\"elementor-screen-only\">Reproducir v\u00eddeo<\/span>\n\t\t\t\t\t\t<\/div>\n\t\t\t\t\t\t\t\t\t<\/div>\n\t\t\t\t\t<\/div>\n\t\t\t\t<\/div>\n\t\t\t\t<\/div>\n\t\t\t\t\t<\/div>\n\t\t<\/div>\n\t\t\t\t\t\t\t<\/div>\n\t\t<\/section>\n\t\t\t\t<section class=\"elementor-section elementor-top-section elementor-element elementor-element-3c65318 elementor-section-boxed elementor-section-height-default elementor-section-height-default\" data-id=\"3c65318\" data-element_type=\"section\">\n\t\t\t\t\t\t<div class=\"elementor-container elementor-column-gap-default\">\n\t\t\t\t\t<div class=\"elementor-column elementor-col-100 elementor-top-column elementor-element elementor-element-3c656cb\" data-id=\"3c656cb\" data-element_type=\"column\">\n\t\t\t<div class=\"elementor-widget-wrap elementor-element-populated\">\n\t\t\t\t\t\t\t\t<div class=\"elementor-element elementor-element-3c659e4 elementor-widget elementor-widget-vc_custom_heading\" data-id=\"3c659e4\" data-element_type=\"widget\" data-widget_type=\"vc_custom_heading.default\">\n\t\t\t\t<div class=\"elementor-widget-container\">\n\t\t\t<div class=\" vc_custom_heading  consulting_heading_font  text_align_left\" ><h3 style=\"text-align: left;font-weight:700\" class=\"consulting-custom-title\">\u00bfPor qu\u00e9 nos eligen?\n<\/h3><\/div>\t\t<\/div>\n\t\t\t\t<\/div>\n\t\t\t\t\t<\/div>\n\t\t<\/div>\n\t\t\t\t\t\t\t<\/div>\n\t\t<\/section>\n\t\t\t\t<section class=\"elementor-section elementor-top-section elementor-element elementor-element-3c65ccc elementor-section-boxed elementor-section-height-default elementor-section-height-default\" data-id=\"3c65ccc\" data-element_type=\"section\" data-settings=\"{&quot;background_background&quot;:&quot;classic&quot;}\">\n\t\t\t\t\t\t<div class=\"elementor-container elementor-column-gap-default\">\n\t\t\t\t\t<div class=\"elementor-column elementor-col-100 elementor-top-column elementor-element elementor-element-3c660c9\" data-id=\"3c660c9\" data-element_type=\"column\">\n\t\t\t<div class=\"elementor-widget-wrap elementor-element-populated\">\n\t\t\t\t\t\t\t\t<div class=\"elementor-element elementor-element-3c66429 elementor-widget elementor-widget-stm_icon_box\" data-id=\"3c66429\" data-element_type=\"widget\" data-widget_type=\"stm_icon_box.default\">\n\t\t\t\t<div class=\"elementor-widget-container\">\n\t\t\t\n\n<a href=\"\" target=\"_self\"\n   class=\"icon_box elementor-consulting-icon-box style_6 clearfix\">\n    <div class=\"icon_box_inner\">\n                    <div class=\"icon  font-color_default\" >\n                <div class=\"icon_bg\"><i class=\"stm-mumbai_shape\"><\/i><\/div>\n                <i style=\"font-size:40px;   \"\n                   class=\" stm-diamond\"><\/i>\n            <\/div>\n                            <h4  class=\"font-color_base\">Responsabilidad y Profesionalidad\n<\/h4>\n                            <div class=\"icon_text\">\n                <p><span style=\"display: block; line-height: 24px; color: #272727;\">Nuestra experiencia nos permite brindar un servicio personalizado, para que este proceso tan doloroso se desarrolle en un marco de absoluto respeto y reserva. \u00a0<\/span><\/p>\n            <\/div>\n            <\/div>\n<\/a>\t\t<\/div>\n\t\t\t\t<\/div>\n\t\t\t\t\t<\/div>\n\t\t<\/div>\n\t\t\t\t<div class=\"elementor-column elementor-col-100 elementor-top-column elementor-element elementor-element-3c666d6\" data-id=\"3c666d6\" data-element_type=\"column\">\n\t\t\t<div class=\"elementor-widget-wrap elementor-element-populated\">\n\t\t\t\t\t\t\t\t<div class=\"elementor-element elementor-element-3c66a39 elementor-widget elementor-widget-stm_icon_box\" data-id=\"3c66a39\" data-element_type=\"widget\" data-widget_type=\"stm_icon_box.default\">\n\t\t\t\t<div class=\"elementor-widget-container\">\n\t\t\t\n\n<a href=\"\" target=\"_self\"\n   class=\"icon_box elementor-consulting-icon-box style_6 clearfix\">\n    <div class=\"icon_box_inner\">\n                    <div class=\"icon  font-color_base\" >\n                <div class=\"icon_bg\"><i class=\"stm-mumbai_shape\"><\/i><\/div>\n                <i style=\"font-size:40px;   \"\n                   class=\" stm-glob-consulting\"><\/i>\n            <\/div>\n                            <h4  class=\"font-color_base\">Guardia 24 Horas\n<\/h4>\n                            <div class=\"icon_text\">\n                <p><span style=\"display: block; line-height: 24px; color: #272727;\">Estamos las 24hs a disposici\u00f3n aportando un servicio de calidad, para que pueda dejar todo el proceso en buenas manos y centrarse en estar con los suyos en un momento tan dif\u00edcil.<\/span><\/p>\n            <\/div>\n            <\/div>\n<\/a>\t\t<\/div>\n\t\t\t\t<\/div>\n\t\t\t\t\t<\/div>\n\t\t<\/div>\n\t\t\t\t<div class=\"elementor-column elementor-col-100 elementor-top-column elementor-element elementor-element-3c66ce3\" data-id=\"3c66ce3\" data-element_type=\"column\">\n\t\t\t<div class=\"elementor-widget-wrap elementor-element-populated\">\n\t\t\t\t\t\t\t\t<div class=\"elementor-element elementor-element-3c67023 elementor-widget elementor-widget-stm_icon_box\" data-id=\"3c67023\" data-element_type=\"widget\" data-widget_type=\"stm_icon_box.default\">\n\t\t\t\t<div class=\"elementor-widget-container\">\n\t\t\t\n\n<a href=\"\" target=\"_self\"\n   class=\"icon_box elementor-consulting-icon-box style_6 clearfix\">\n    <div class=\"icon_box_inner\">\n                    <div class=\"icon  font-color_base\" >\n                <div class=\"icon_bg\"><i class=\"stm-mumbai_shape\"><\/i><\/div>\n                <i style=\"font-size:40px;   \"\n                   class=\" stm-sun_outline\"><\/i>\n            <\/div>\n                            <h4  class=\"font-color_base\">Contenci\u00f3n\n<\/h4>\n                            <div class=\"icon_text\">\n                <p><span style=\"display: block; line-height: 24px; color: #272727;\">Estamos listos para atenderlo y, sobre todo, ayudarlo en todo lo que necesite. \u00a0<\/span><\/p>\n            <\/div>\n            <\/div>\n<\/a>\t\t<\/div>\n\t\t\t\t<\/div>\n\t\t\t\t\t<\/div>\n\t\t<\/div>\n\t\t\t\t\t\t\t<\/div>\n\t\t<\/section>\n\t\t\t\t<section class=\"elementor-section elementor-top-section elementor-element elementor-element-3c672a0 about-bg-right elementor-section-boxed elementor-section-height-default elementor-section-height-default\" data-id=\"3c672a0\" data-element_type=\"section\" data-settings=\"{&quot;background_background&quot;:&quot;classic&quot;}\">\n\t\t\t\t\t\t<div class=\"elementor-container elementor-column-gap-default\">\n\t\t\t\t\t<div class=\"elementor-column elementor-col-50 elementor-top-column elementor-element elementor-element-3c67796\" data-id=\"3c67796\" data-element_type=\"column\">\n\t\t\t<div class=\"elementor-widget-wrap elementor-element-populated\">\n\t\t\t\t\t\t\t\t<section class=\"elementor-section elementor-top-section elementor-element elementor-element-3c68284 elementor-section-boxed elementor-section-height-default elementor-section-height-default\" data-id=\"3c68284\" data-element_type=\"section\" data-settings=\"{&quot;background_background&quot;:&quot;classic&quot;}\">\n\t\t\t\t\t\t<div class=\"elementor-container elementor-column-gap-default\">\n\t\t\t\t\t<div class=\"elementor-column elementor-col-50 elementor-top-column elementor-element elementor-element-3c68672\" data-id=\"3c68672\" data-element_type=\"column\">\n\t\t\t<div class=\"elementor-widget-wrap elementor-element-populated\">\n\t\t\t\t\t\t\t\t<div class=\"elementor-element elementor-element-3c67c10 elementor-widget elementor-widget-vc_custom_heading\" data-id=\"3c67c10\" data-element_type=\"widget\" data-widget_type=\"vc_custom_heading.default\">\n\t\t\t\t<div class=\"elementor-widget-container\">\n\t\t\t<div class=\" vc_custom_heading  consulting_heading_font  text_align_left\" ><h3 style=\"font-size: 22px;text-align: left;font-weight:700\" class=\"consulting-custom-title\">Nuestra Misi\u00f3n\n<\/h3><\/div>\t\t<\/div>\n\t\t\t\t<\/div>\n\t\t\t\t<div class=\"elementor-element elementor-element-3c689b0 elementor-widget elementor-widget-text-editor\" data-id=\"3c689b0\" data-element_type=\"widget\" data-widget_type=\"text-editor.default\">\n\t\t\t\t<div class=\"elementor-widget-container\">\n\t\t\t\t\t\t\t<p><span style=\"line-height: 22px; font-size: 15px;\"><i class=\"far fa-check-circle\" style=\"font-size: 18px; color: #d1aa65;\"><\/i> Ofrecer un servicio f\u00fanebre personalizado y de calidad brindando, atenci\u00f3n personalizada a cada familia, combinando calidez y\u00a0 contenci\u00f3n en el asesoramiento y la resoluci\u00f3n de los problemas o inquietudes en forma r\u00e1pida y eficiente.<\/span><\/p>\n\t\t\t\t\t\t<\/div>\n\t\t\t\t<\/div>\n\t\t\t\t\t<\/div>\n\t\t<\/div>\n\t\t\t\t<div class=\"elementor-column elementor-col-50 elementor-top-column elementor-element elementor-element-3c68bc5\" data-id=\"3c68bc5\" data-element_type=\"column\">\n\t\t\t<div class=\"elementor-widget-wrap elementor-element-populated\">\n\t\t\t\t\t\t\t\t<div class=\"elementor-element elementor-element-9af8854 elementor-widget elementor-widget-vc_custom_heading\" data-id=\"9af8854\" data-element_type=\"widget\" data-widget_type=\"vc_custom_heading.default\">\n\t\t\t\t<div class=\"elementor-widget-container\">\n\t\t\t<div class=\" vc_custom_heading  consulting_heading_font  text_align_left\" ><h3 style=\"font-size: 22px;text-align: left;font-weight:700\" class=\"consulting-custom-title\">Nuestra Visi\u00f3n\n<\/h3><\/div>\t\t<\/div>\n\t\t\t\t<\/div>\n\t\t\t\t<div class=\"elementor-element elementor-element-3c68ef8 elementor-widget elementor-widget-text-editor\" data-id=\"3c68ef8\" data-element_type=\"widget\" data-widget_type=\"text-editor.default\">\n\t\t\t\t<div class=\"elementor-widget-container\">\n\t\t\t\t\t\t\t<p><span style=\"line-height: 22px; font-size: 15px;\"><i class=\"far fa-check-circle\" style=\"font-size: 18px; color: #d1aa65;\"><\/i> Crecer, mejorar e innovar siempre manteniendo servicios de excelencia y calidad, orientados a las necesidades cambiantes de nuestros clientes.<\/span><\/p>\n\t\t\t\t\t\t<\/div>\n\t\t\t\t<\/div>\n\t\t\t\t\t<\/div>\n\t\t<\/div>\n\t\t\t\t\t\t\t<\/div>\n\t\t<\/section>\n\t\t\t\t\t<\/div>\n\t\t<\/div>\n\t\t\t\t<div class=\"elementor-column elementor-col-50 elementor-top-column elementor-element elementor-element-3c6910d about_full-right_width\" data-id=\"3c6910d\" data-element_type=\"column\" data-settings=\"{&quot;background_background&quot;:&quot;classic&quot;}\">\n\t\t\t<div class=\"elementor-widget-wrap\">\n\t\t\t\t\t\t\t\t\t<\/div>\n\t\t<\/div>\n\t\t\t\t\t\t\t<\/div>\n\t\t<\/section>\n\t\t\t\t\t\t\t<\/div>\n\t\t","protected":false},"excerpt":{"rendered":"Con m\u00e1s de un siglo de historia,\u00a0Ferrandi Hnos.\u00a0atesora una s\u00f3lida y reconocida trayectoria de seriedad y transparencia. Mateniendo siempre sus principios fundacionales \u201cbrindar m\u00e1s y mejores prestaciones en un marco de calidez y dignidad\u201d. Estamos en plena etapa de transformaciones y desarrollo, produciendo importantes cambios acordes a los nuevos tiempos. Aunque el objetivo sigue siendo","protected":false},"author":2,"featured_media":0,"parent":0,"menu_order":0,"comment_status":"closed","ping_status":"closed","template":"","meta":{"_joinchat":[],"footnotes":""},"class_list":["post-1142","page","type-page","status-publish","hentry"],"_links":{"self":[{"href":"https:\/\/www.ferrandi.com.ar\/2021\/wp-json\/wp\/v2\/pages\/1142","targetHints":{"allow":["GET"]}}],"collection":[{"href":"https:\/\/www.ferrandi.com.ar\/2021\/wp-json\/wp\/v2\/pages"}],"about":[{"href":"https:\/\/www.ferrandi.com.ar\/2021\/wp-json\/wp\/v2\/types\/page"}],"author":[{"embeddable":true,"href":"https:\/\/www.ferrandi.com.ar\/2021\/wp-json\/wp\/v2\/users\/2"}],"replies":[{"embeddable":true,"href":"https:\/\/www.ferrandi.com.ar\/2021\/wp-json\/wp\/v2\/comments?post=1142"}],"version-history":[{"count":71,"href":"https:\/\/www.ferrandi.com.ar\/2021\/wp-json\/wp\/v2\/pages\/1142\/revisions"}],"predecessor-version":[{"id":14318,"href":"https:\/\/www.ferrandi.com.ar\/2021\/wp-json\/wp\/v2\/pages\/1142\/revisions\/14318"}],"wp:attachment":[{"href":"https:\/\/www.ferrandi.com.ar\/2021\/wp-json\/wp\/v2\/media?parent=1142"}],"curies":[{"name":"wp","href":"https:\/\/api.w.org\/{rel}","templated":true}]}}